{"id":178,"date":"2019-01-09T22:03:33","date_gmt":"2019-01-09T22:03:33","guid":{"rendered":"http:\/\/mco.ormalinge.ch\/?page_id=178"},"modified":"2024-08-31T21:10:23","modified_gmt":"2024-08-31T21:10:23","slug":"chor","status":"publish","type":"page","link":"https:\/\/mco.ormalinge.ch\/?page_id=178","title":{"rendered":"Chor"},"content":{"rendered":"<h2>Der M\u00e4nnerchor Ormalingen, gegr\u00fcndet am 1. Oktober 1898, feiert am 23. November 2024 in der MZH Ormalingen sein 126-j\u00e4hriges Bestehen, resp. seine Zukunft mit dem Motto &#8222;125 + 1 &#8211; frisch gesungen&#8220;!<\/h2>\n","protected":false},"excerpt":{"rendered":"<p>Der M\u00e4nnerchor Ormalingen, gegr\u00fcndet am 1. Oktober 1898, feiert am 23. November 2024 in der MZH Ormalingen sein 126-j\u00e4hriges Bestehen, resp. seine Zukunft mit dem Motto &#8222;125 + 1 &#8211; frisch gesungen&#8220;!<\/p>\n","protected":false},"author":1,"featured_media":2041,"parent":0,"menu_order":0,"comment_status":"closed","ping_status":"closed","template":"template-fullwidth.php","meta":{"footnotes":""},"class_list":["post-178","page","type-page","status-publish","has-post-thumbnail","hentry"],"_links":{"self":[{"href":"https:\/\/mco.ormalinge.ch\/index.php?rest_route=\/wp\/v2\/pages\/178","targetHints":{"allow":["GET"]}}],"collection":[{"href":"https:\/\/mco.ormalinge.ch\/index.php?rest_route=\/wp\/v2\/pages"}],"about":[{"href":"https:\/\/mco.ormalinge.ch\/index.php?rest_route=\/wp\/v2\/types\/page"}],"author":[{"embeddable":true,"href":"https:\/\/mco.ormalinge.ch\/index.php?rest_route=\/wp\/v2\/users\/1"}],"replies":[{"embeddable":true,"href":"https:\/\/mco.ormalinge.ch\/index.php?rest_route=%2Fwp%2Fv2%2Fcomments&post=178"}],"version-history":[{"count":14,"href":"https:\/\/mco.ormalinge.ch\/index.php?rest_route=\/wp\/v2\/pages\/178\/revisions"}],"predecessor-version":[{"id":2577,"href":"https:\/\/mco.ormalinge.ch\/index.php?rest_route=\/wp\/v2\/pages\/178\/revisions\/2577"}],"wp:featuredmedia":[{"embeddable":true,"href":"https:\/\/mco.ormalinge.ch\/index.php?rest_route=\/wp\/v2\/media\/2041"}],"wp:attachment":[{"href":"https:\/\/mco.ormalinge.ch\/index.php?rest_route=%2Fwp%2Fv2%2Fmedia&parent=178"}],"curies":[{"name":"wp","href":"https:\/\/api.w.org\/{rel}","templated":true}]}}