{"id":118,"date":"2019-01-07T08:33:47","date_gmt":"2019-01-07T08:33:47","guid":{"rendered":"http:\/\/mco.ormalinge.ch\/?page_id=118"},"modified":"2023-08-18T12:08:47","modified_gmt":"2023-08-18T12:08:47","slug":"leitbild","status":"publish","type":"page","link":"https:\/\/mco.ormalinge.ch\/?page_id=118","title":{"rendered":"Leitbild"},"content":{"rendered":"\r\n<ul class=\"wp-block-list\">\r\n<li>Unser Verein ist parteilos und konfessionsneutral.<\/li>\r\n<li>Wir pflegen den Gesang, die Kameradschaft und die Geselligkeit.<\/li>\r\n<li>Unser Liedergut soll attraktiv f\u00fcr S\u00e4nger und Zuh\u00f6rer sein.<\/li>\r\n<li>Wir leisten einen kulturellen Beitrag in unserer Gemeinde, indem wir Konzerte auff\u00fchren und an verschiedenen Anl\u00e4ssen teilnehmen.<\/li>\r\n<\/ul>\r\n\r\n\r\n\r\n<p>&nbsp;<\/p>\r\n","protected":false},"excerpt":{"rendered":"<p>Unser Verein ist parteilos und konfessionsneutral. Wir pflegen den Gesang, die Kameradschaft und die Geselligkeit. Unser Liedergut soll attraktiv f\u00fcr S\u00e4nger und Zuh\u00f6rer sein. Wir leisten einen kulturellen Beitrag in unserer Gemeinde, indem wir Konzerte auff\u00fchren und an verschiedenen Anl\u00e4ssen teilnehmen. &nbsp;<\/p>\n","protected":false},"author":1,"featured_media":1493,"parent":0,"menu_order":0,"comment_status":"closed","ping_status":"closed","template":"template-fullwidth.php","meta":{"footnotes":""},"class_list":["post-118","page","type-page","status-publish","has-post-thumbnail","hentry"],"_links":{"self":[{"href":"https:\/\/mco.ormalinge.ch\/index.php?rest_route=\/wp\/v2\/pages\/118","targetHints":{"allow":["GET"]}}],"collection":[{"href":"https:\/\/mco.ormalinge.ch\/index.php?rest_route=\/wp\/v2\/pages"}],"about":[{"href":"https:\/\/mco.ormalinge.ch\/index.php?rest_route=\/wp\/v2\/types\/page"}],"author":[{"embeddable":true,"href":"https:\/\/mco.ormalinge.ch\/index.php?rest_route=\/wp\/v2\/users\/1"}],"replies":[{"embeddable":true,"href":"https:\/\/mco.ormalinge.ch\/index.php?rest_route=%2Fwp%2Fv2%2Fcomments&post=118"}],"version-history":[{"count":5,"href":"https:\/\/mco.ormalinge.ch\/index.php?rest_route=\/wp\/v2\/pages\/118\/revisions"}],"predecessor-version":[{"id":1932,"href":"https:\/\/mco.ormalinge.ch\/index.php?rest_route=\/wp\/v2\/pages\/118\/revisions\/1932"}],"wp:featuredmedia":[{"embeddable":true,"href":"https:\/\/mco.ormalinge.ch\/index.php?rest_route=\/wp\/v2\/media\/1493"}],"wp:attachment":[{"href":"https:\/\/mco.ormalinge.ch\/index.php?rest_route=%2Fwp%2Fv2%2Fmedia&parent=118"}],"curies":[{"name":"wp","href":"https:\/\/api.w.org\/{rel}","templated":true}]}}